{"id":111,"date":"2025-03-04T21:44:46","date_gmt":"2025-03-04T20:44:46","guid":{"rendered":"http:\/\/sarahlafon.fr\/sarahlafont\/?page_id=111"},"modified":"2026-03-20T14:10:21","modified_gmt":"2026-03-20T13:10:21","slug":"qui-suis-je","status":"publish","type":"page","link":"https:\/\/sarahlafon.fr\/index.php\/qui-suis-je\/","title":{"rendered":"Qui Suis-je"},"content":{"rendered":"<p>[et_pb_section fb_built=\u00a0\u00bb1&Prime; custom_padding_last_edited=\u00a0\u00bbon|phone\u00a0\u00bb admin_label=\u00a0\u00bbHeader\u00a0\u00bb _builder_version=\u00a0\u00bb4.27.4&Prime; use_background_color_gradient=\u00a0\u00bbon\u00a0\u00bb background_color_gradient_direction=\u00a0\u00bb200deg\u00a0\u00bb background_color_gradient_stops=\u00a0\u00bbrgba(0,0,0,0) 62%|rgba(22,29,67,0.3) 100%\u00a0\u00bb background_color_gradient_start=\u00a0\u00bbrgba(0,0,0,0)\u00a0\u00bb background_color_gradient_start_position=\u00a0\u00bb62%\u00a0\u00bb background_color_gradient_end=\u00a0\u00bbrgba(22,29,67,0.3)\u00a0\u00bb background_image=\u00a0\u00bbhttp:\/\/sarahlafon.fr\/wp-content\/uploads\/2025\/03\/WhatsApp-Image-2025-03-26-at-10.32.47_00719154.jpg\u00a0\u00bb parallax=\u00a0\u00bbon\u00a0\u00bb custom_padding=\u00a0\u00bb10vw|10vw|0|0px|false|false\u00a0\u00bb custom_padding_tablet=\u00a0\u00bb\u00a0\u00bb custom_padding_phone=\u00a0\u00bb|10vw||\u00a0\u00bb animation_style=\u00a0\u00bbfade\u00a0\u00bb animation_starting_opacity=\u00a0\u00bb5%\u00a0\u00bb animation_speed_curve=\u00a0\u00bbease-out\u00a0\u00bb border_radii=\u00a0\u00bb||||16vw\u00a0\u00bb locked=\u00a0\u00bboff\u00a0\u00bb global_colors_info=\u00a0\u00bb{}\u00a0\u00bb][et_pb_row column_structure=\u00a0\u00bb3_4,1_4&Prime; use_custom_gutter=\u00a0\u00bbon\u00a0\u00bb gutter_width=\u00a0\u00bb1&Prime; make_equal=\u00a0\u00bbon\u00a0\u00bb custom_padding_last_edited=\u00a0\u00bbon|desktop\u00a0\u00bb padding_top_bottom_link_1=\u00a0\u00bbtrue\u00a0\u00bb padding_top_bottom_link_2=\u00a0\u00bbtrue\u00a0\u00bb padding_left_right_link_1=\u00a0\u00bbfalse\u00a0\u00bb _builder_version=\u00a0\u00bb4.16&Prime; use_background_color_gradient=\u00a0\u00bbon\u00a0\u00bb background_color_gradient_direction=\u00a0\u00bb90deg\u00a0\u00bb background_color_gradient_stops=\u00a0\u00bbrgba(255,255,255,0.4) 70%|rgba(255,255,255,0.88) 100%\u00a0\u00bb background_color_gradient_start=\u00a0\u00bbrgba(255,255,255,0.4)\u00a0\u00bb background_color_gradient_start_position=\u00a0\u00bb70%\u00a0\u00bb background_color_gradient_end=\u00a0\u00bbrgba(255,255,255,0.88)\u00a0\u00bb width=\u00a0\u00bb100%\u00a0\u00bb max_width=\u00a0\u00bb100%\u00a0\u00bb module_alignment=\u00a0\u00bbleft\u00a0\u00bb custom_margin_tablet=\u00a0\u00bb0vw|||\u00a0\u00bb custom_margin_last_edited=\u00a0\u00bboff|desktop\u00a0\u00bb custom_padding=\u00a0\u00bb0px||0px||false|false\u00a0\u00bb custom_padding_tablet=\u00a0\u00bb|||0vw\u00a0\u00bb custom_padding_phone=\u00a0\u00bb\u00a0\u00bb animation_style=\u00a0\u00bbslide\u00a0\u00bb animation_direction=\u00a0\u00bbleft\u00a0\u00bb animation_intensity_slide=\u00a0\u00bb5%\u00a0\u00bb border_radii=\u00a0\u00bb||10vw||\u00a0\u00bb use_custom_width=\u00a0\u00bbon\u00a0\u00bb width_unit=\u00a0\u00bboff\u00a0\u00bb custom_width_percent=\u00a0\u00bb100%\u00a0\u00bb locked=\u00a0\u00bboff\u00a0\u00bb global_colors_info=\u00a0\u00bb{}\u00a0\u00bb][et_pb_column type=\u00a0\u00bb3_4&Prime; _builder_version=\u00a0\u00bb4.16&Prime; background_color_gradient_start_position=\u00a0\u00bb0&Prime; custom_padding=\u00a0\u00bb80px|40px|80px|10vw\u00a0\u00bb custom_padding_tablet=\u00a0\u00bb40px||20px||false\u00a0\u00bb custom_padding_phone=\u00a0\u00bb|||\u00a0\u00bb custom_padding_last_edited=\u00a0\u00bbon|phone\u00a0\u00bb background_color_gradient_stops_tablet=\u00a0\u00bb#2b87da 0%|#29c4a9 100%\u00a0\u00bb background_color_gradient_stops_phone=\u00a0\u00bb#2b87da 0%|#29c4a9 100%\u00a0\u00bb global_colors_info=\u00a0\u00bb{}\u00a0\u00bb padding_phone=\u00a0\u00bb|||\u00a0\u00bb padding_tablet=\u00a0\u00bb40px||20px||false\u00a0\u00bb padding_last_edited=\u00a0\u00bbon|phone\u00a0\u00bb custom_padding__hover=\u00a0\u00bb|||\u00a0\u00bb background_color_gradient_stops__hover=\u00a0\u00bb#2b87da 0%|#29c4a9 100%\u00a0\u00bb background_color_gradient_stops__sticky=\u00a0\u00bb#2b87da 0%|#29c4a9 100%\u00a0\u00bb][et_pb_text _builder_version=\u00a0\u00bb4.16&Prime; text_font=\u00a0\u00bb||||||||\u00a0\u00bb header_font=\u00a0\u00bbPrata||||||||\u00a0\u00bb header_font_size=\u00a0\u00bb100px\u00a0\u00bb header_line_height=\u00a0\u00bb1.4em\u00a0\u00bb header_6_font=\u00a0\u00bbOpen Sans|700||on|||||\u00a0\u00bb header_6_letter_spacing=\u00a0\u00bb5px\u00a0\u00bb header_6_line_height=\u00a0\u00bb1.6em\u00a0\u00bb background_layout=\u00a0\u00bbdark\u00a0\u00bb max_width_tablet=\u00a0\u00bb90%\u00a0\u00bb max_width_phone=\u00a0\u00bb\u00a0\u00bb max_width_last_edited=\u00a0\u00bbon|desktop\u00a0\u00bb module_alignment=\u00a0\u00bbright\u00a0\u00bb animation_style=\u00a0\u00bbzoom\u00a0\u00bb animation_intensity_zoom=\u00a0\u00bb5%\u00a0\u00bb header_font_size_tablet=\u00a0\u00bb48px\u00a0\u00bb header_font_size_phone=\u00a0\u00bb32px\u00a0\u00bb header_font_size_last_edited=\u00a0\u00bbon|phone\u00a0\u00bb header_6_font_size_tablet=\u00a0\u00bb\u00a0\u00bb header_6_font_size_phone=\u00a0\u00bb\u00a0\u00bb header_6_font_size_last_edited=\u00a0\u00bbon|desktop\u00a0\u00bb text_text_shadow_style=\u00a0\u00bbpreset3&Prime; text_text_shadow_blur_strength=\u00a0\u00bb3em\u00a0\u00bb text_text_shadow_color=\u00a0\u00bbrgba(22,29,67,0.24)\u00a0\u00bb locked=\u00a0\u00bboff\u00a0\u00bb global_colors_info=\u00a0\u00bb{}\u00a0\u00bb header_5_font_size__hover=\u00a0\u00bb16px\u00a0\u00bb header_5_font_size__hover_enabled=\u00a0\u00bb16px\u00a0\u00bb header_5_letter_spacing__hover=\u00a0\u00bb0px\u00a0\u00bb header_5_letter_spacing__hover_enabled=\u00a0\u00bb0px\u00a0\u00bb header_5_line_height__hover=\u00a0\u00bb1em\u00a0\u00bb header_5_line_height__hover_enabled=\u00a0\u00bb1em\u00a0\u00bb header_5_text_shadow_style__hover=\u00a0\u00bbnone\u00a0\u00bb header_5_text_shadow_style__hover_enabled=\u00a0\u00bbnone\u00a0\u00bb header_5_text_shadow_color__hover=\u00a0\u00bbrgba(0,0,0,0.4)\u00a0\u00bb header_5_text_shadow_color__hover_enabled=\u00a0\u00bbrgba(0,0,0,0.4)\u00a0\u00bb]<\/p>\n<h1><span data-contrast=\"auto\" xml:lang=\"FR-FR\" lang=\"FR-FR\" class=\"TextRun SCXW201364226 BCX8\"><span class=\"NormalTextRun SCXW201364226 BCX8\">Qui Suis-je?<\/span><\/span><\/h1>\n<p>[\/et_pb_text][\/et_pb_column][et_pb_column type=\u00a0\u00bb1_4&Prime; _builder_version=\u00a0\u00bb4.16&Prime; custom_padding=\u00a0\u00bb|||\u00a0\u00bb custom_padding_tablet=\u00a0\u00bb||||false\u00a0\u00bb custom_padding_phone=\u00a0\u00bb||||false\u00a0\u00bb custom_padding_last_edited=\u00a0\u00bbon|desktop\u00a0\u00bb global_colors_info=\u00a0\u00bb{}\u00a0\u00bb padding_tablet=\u00a0\u00bb||||false\u00a0\u00bb padding_last_edited=\u00a0\u00bbon|desktop\u00a0\u00bb custom_padding__hover=\u00a0\u00bb|||\u00a0\u00bb padding_phone=\u00a0\u00bb||||false\u00a0\u00bb][\/et_pb_column][\/et_pb_row][\/et_pb_section][et_pb_section fb_built=\u00a0\u00bb1&Prime; admin_label=\u00a0\u00bbAbout\u00a0\u00bb _builder_version=\u00a0\u00bb4.16&Prime; global_colors_info=\u00a0\u00bb{}\u00a0\u00bb][et_pb_row column_structure=\u00a0\u00bb1_2,1_2&Prime; _builder_version=\u00a0\u00bb4.16&Prime; custom_padding=\u00a0\u00bb1px|||||\u00a0\u00bb global_colors_info=\u00a0\u00bb{}\u00a0\u00bb][et_pb_column type=\u00a0\u00bb1_2&Prime; _builder_version=\u00a0\u00bb4.16&Prime; custom_padding=\u00a0\u00bb|||\u00a0\u00bb global_colors_info=\u00a0\u00bb{}\u00a0\u00bb custom_padding__hover=\u00a0\u00bb|||\u00a0\u00bb][et_pb_text _builder_version=\u00a0\u00bb4.27.4&Prime; text_font=\u00a0\u00bbOpen Sans||||||||\u00a0\u00bb text_text_color=\u00a0\u00bb#712f21&Prime; text_line_height=\u00a0\u00bb2em\u00a0\u00bb header_font=\u00a0\u00bb||||||||\u00a0\u00bb header_2_font=\u00a0\u00bbPrata||||||||\u00a0\u00bb header_2_font_size=\u00a0\u00bb50px\u00a0\u00bb header_2_line_height=\u00a0\u00bb1.4em\u00a0\u00bb header_3_font=\u00a0\u00bbOpen Sans|700||on|||||\u00a0\u00bb header_3_font_size=\u00a0\u00bb14px\u00a0\u00bb header_3_letter_spacing=\u00a0\u00bb5px\u00a0\u00bb header_3_line_height=\u00a0\u00bb1.8em\u00a0\u00bb text_orientation=\u00a0\u00bbcenter\u00a0\u00bb max_width=\u00a0\u00bb600px\u00a0\u00bb module_alignment=\u00a0\u00bbcenter\u00a0\u00bb animation_style=\u00a0\u00bbzoom\u00a0\u00bb animation_intensity_zoom=\u00a0\u00bb5%\u00a0\u00bb hover_enabled=\u00a0\u00bb0&Prime; header_2_font_size_tablet=\u00a0\u00bb40px\u00a0\u00bb header_2_font_size_phone=\u00a0\u00bb28px\u00a0\u00bb header_2_font_size_last_edited=\u00a0\u00bbon|phone\u00a0\u00bb header_3_font_size_tablet=\u00a0\u00bb\u00a0\u00bb header_3_font_size_phone=\u00a0\u00bb10px\u00a0\u00bb header_3_font_size_last_edited=\u00a0\u00bbon|phone\u00a0\u00bb locked=\u00a0\u00bboff\u00a0\u00bb global_colors_info=\u00a0\u00bb{}\u00a0\u00bb header_5_font_size__hover=\u00a0\u00bb16px\u00a0\u00bb header_5_font_size__hover_enabled=\u00a0\u00bb16px\u00a0\u00bb header_5_letter_spacing__hover=\u00a0\u00bb0px\u00a0\u00bb header_5_letter_spacing__hover_enabled=\u00a0\u00bb0px\u00a0\u00bb header_5_line_height__hover=\u00a0\u00bb1em\u00a0\u00bb header_5_line_height__hover_enabled=\u00a0\u00bb1em\u00a0\u00bb header_5_text_shadow_style__hover=\u00a0\u00bbnone\u00a0\u00bb header_5_text_shadow_style__hover_enabled=\u00a0\u00bbnone\u00a0\u00bb header_5_text_shadow_color__hover=\u00a0\u00bbrgba(0,0,0,0.4)\u00a0\u00bb header_5_text_shadow_color__hover_enabled=\u00a0\u00bbrgba(0,0,0,0.4)\u00a0\u00bb header_font_size__hover=\u00a0\u00bb30px\u00a0\u00bb header_font_size__hover_enabled=\u00a0\u00bb30px\u00a0\u00bb header_letter_spacing__hover=\u00a0\u00bb0px\u00a0\u00bb header_letter_spacing__hover_enabled=\u00a0\u00bb0px\u00a0\u00bb header_text_shadow_style__hover=\u00a0\u00bbnone\u00a0\u00bb header_text_shadow_style__hover_enabled=\u00a0\u00bbnone\u00a0\u00bb header_text_shadow_color__hover=\u00a0\u00bbrgba(0,0,0,0.4)\u00a0\u00bb header_text_shadow_color__hover_enabled=\u00a0\u00bbrgba(0,0,0,0.4)\u00a0\u00bb header_6_letter_spacing__hover=\u00a0\u00bb0px\u00a0\u00bb header_6_letter_spacing__hover_enabled=\u00a0\u00bb0px\u00a0\u00bb header_6_line_height__hover=\u00a0\u00bb1em\u00a0\u00bb header_6_line_height__hover_enabled=\u00a0\u00bb1em\u00a0\u00bb header_6_font_size__hover=\u00a0\u00bb14px\u00a0\u00bb header_6_font_size__hover_enabled=\u00a0\u00bb14px\u00a0\u00bb header_6_text_shadow_style__hover=\u00a0\u00bbnone\u00a0\u00bb header_6_text_shadow_style__hover_enabled=\u00a0\u00bbnone\u00a0\u00bb header_6_text_shadow_color__hover=\u00a0\u00bbrgba(0,0,0,0.4)\u00a0\u00bb header_6_text_shadow_color__hover_enabled=\u00a0\u00bbrgba(0,0,0,0.4)\u00a0\u00bb sticky_enabled=\u00a0\u00bb0&Prime;]<\/p>\n<h2 style=\"text-align: justify;\"><span style=\"color: #712f21;\">Sarah Lafon<\/span><\/h2>\n<p style=\"text-align: justify;\"><span class=\"NormalTextRun SCXW15383323 BCX8\">\u202f<\/span><span class=\"NormalTextRun SCXW15383323 BCX8\" style=\"color: #712f21;\">SERVE, RESTITUERE, ADJUVANTE<\/span><span style=\"color: #712f21;\"><\/span><\/p>\n<p style=\"text-align: justify;\"><span style=\"color: #712f21;\"><\/span><\/p>\n<p style=\"text-align: justify;\"><span style=\"color: #712f21;\"><\/span><\/p>\n<p style=\"text-align: justify;\"><span data-contrast=\"auto\">Certifi\u00e9e du<strong>\u00a0<span style=\"text-decoration: underline;\"><a href=\"https:\/\/centre-imhotep.com\/\">Centre Imhotep : Formation en Acupuncture Traditionnelle \u00e0 P\u00e9rigueux<\/a><\/span><\/strong><\/span><span data-contrast=\"auto\"><span style=\"text-decoration: underline;\">,<\/span> \u00e9cole de r\u00e9f\u00e9rence en Acupuncture Traditionnelle Tao\u00efste, mentionn\u00e9e par l\u2019Institut National de la Sant\u00e9 et de la recherche m\u00e9dicale (INSERM) comme l\u2019un des principaux centres de formation en acupuncture.\u00a0<\/span><span data-ccp-props=\"{}\">\u00a0<\/span><\/p>\n<p style=\"text-align: justify;\"><span data-contrast=\"auto\">Mon parcours, s\u2019inscrit dans une formation de 3 ann\u00e9es, ax\u00e9e sur les techniques ancestrales de l\u2019acupuncture traditionnelle de plus de 4000 ans. Je suis \u00e9galement form\u00e9e aux techniques de la moxibustion japonaise (indirecte), ainsi qu&rsquo;\u00e0 la craniopuncture de YAMAMOTO. Mes diff\u00e9rents apprentissages chinois et japonais, me permettent d&rsquo;offrir \u00e0 mes clients, une palette de techniques pour les accompagner \u00e0 retrouver leur vitalit\u00e9.\u00a0<\/span><\/p>\n<p style=\"text-align: justify;\"><span data-contrast=\"auto\">Passionn\u00e9e par les th\u00e9rapies alternatives et la vision orientaliste de l\u2019Humain parfaitement align\u00e9 entre le Ciel et la Terre. J\u2019ai tr\u00e8s vite su que j\u2019aspirais \u00e0 accompagner les gens \u00e0 retrouver leur potentiel de vie.\u00a0<\/span><span data-ccp-props=\"{}\">\u00a0<\/span><\/p>\n<p style=\"text-align: justify;\"><span data-contrast=\"auto\">Je vous re\u00e7ois dans mon espace d\u00e9di\u00e9 aux soins sur la commune de Bussy-Saint-Georges.\u00a0<\/span><span data-ccp-props=\"{}\">\u00a0<\/span><\/p>\n<p>[\/et_pb_text][\/et_pb_column][et_pb_column type=\u00a0\u00bb1_2&Prime; _builder_version=\u00a0\u00bb4.16&Prime; custom_padding=\u00a0\u00bb|||\u00a0\u00bb global_colors_info=\u00a0\u00bb{}\u00a0\u00bb custom_padding__hover=\u00a0\u00bb|||\u00a0\u00bb][et_pb_image src=\u00a0\u00bbhttp:\/\/sarahlafon.fr\/wp-content\/uploads\/2026\/03\/20260213_2141401-scaled.jpg\u00a0\u00bb _builder_version=\u00a0\u00bb4.27.4&Prime; _module_preset=\u00a0\u00bbdefault\u00a0\u00bb global_colors_info=\u00a0\u00bb{}\u00a0\u00bb][\/et_pb_image][\/et_pb_column][\/et_pb_row][\/et_pb_section]<\/p>\n","protected":false},"excerpt":{"rendered":"<p>Qui Suis-je?Sarah Lafon \u202fSERVE, RESTITUERE, ADJUVANTE Certifi\u00e9e du\u00a0Centre Imhotep : Formation en Acupuncture Traditionnelle \u00e0 P\u00e9rigueux, \u00e9cole de r\u00e9f\u00e9rence en Acupuncture Traditionnelle Tao\u00efste, mentionn\u00e9e par l\u2019Institut National de la Sant\u00e9 et de la recherche m\u00e9dicale (INSERM) comme l\u2019un des principaux centres de formation en acupuncture.\u00a0\u00a0 Mon parcours, s\u2019inscrit dans une formation de 3 ann\u00e9es, ax\u00e9e [&hellip;]<\/p>\n","protected":false},"author":1,"featured_media":0,"parent":0,"menu_order":0,"comment_status":"closed","ping_status":"closed","template":"","meta":{"_et_pb_use_builder":"on","_et_pb_old_content":"","_et_gb_content_width":"","footnotes":""},"class_list":["post-111","page","type-page","status-publish","hentry"],"_links":{"self":[{"href":"https:\/\/sarahlafon.fr\/index.php\/wp-json\/wp\/v2\/pages\/111","targetHints":{"allow":["GET"]}}],"collection":[{"href":"https:\/\/sarahlafon.fr\/index.php\/wp-json\/wp\/v2\/pages"}],"about":[{"href":"https:\/\/sarahlafon.fr\/index.php\/wp-json\/wp\/v2\/types\/page"}],"author":[{"embeddable":true,"href":"https:\/\/sarahlafon.fr\/index.php\/wp-json\/wp\/v2\/users\/1"}],"replies":[{"embeddable":true,"href":"https:\/\/sarahlafon.fr\/index.php\/wp-json\/wp\/v2\/comments?post=111"}],"version-history":[{"count":25,"href":"https:\/\/sarahlafon.fr\/index.php\/wp-json\/wp\/v2\/pages\/111\/revisions"}],"predecessor-version":[{"id":605,"href":"https:\/\/sarahlafon.fr\/index.php\/wp-json\/wp\/v2\/pages\/111\/revisions\/605"}],"wp:attachment":[{"href":"https:\/\/sarahlafon.fr\/index.php\/wp-json\/wp\/v2\/media?parent=111"}],"curies":[{"name":"wp","href":"https:\/\/api.w.org\/{rel}","templated":true}]}}