{"id":507,"date":"2026-02-27T13:07:54","date_gmt":"2026-02-27T12:07:54","guid":{"rendered":"https:\/\/sarahlafon.fr\/?page_id=507"},"modified":"2026-03-20T14:08:16","modified_gmt":"2026-03-20T13:08:16","slug":"conditions-generales-de-vente","status":"publish","type":"page","link":"https:\/\/sarahlafon.fr\/index.php\/conditions-generales-de-vente\/","title":{"rendered":"Conditions g\u00e9n\u00e9rales de vente"},"content":{"rendered":"<p>[et_pb_section fb_built=\u00a0\u00bb1&Prime; admin_label=\u00a0\u00bbFooter\u00a0\u00bb _builder_version=\u00a0\u00bb4.27.4&Prime; _module_preset=\u00a0\u00bbdefault\u00a0\u00bb background_color=\u00a0\u00bb#FFFFFF\u00a0\u00bb saved_tabs=\u00a0\u00bball\u00a0\u00bb collapsed=\u00a0\u00bbon\u00a0\u00bb global_colors_info=\u00a0\u00bb{}\u00a0\u00bb][et_pb_row custom_padding_last_edited=\u00a0\u00bbon|tablet\u00a0\u00bb _builder_version=\u00a0\u00bb4.27.4&Prime; _module_preset=\u00a0\u00bbdefault\u00a0\u00bb background_enable_color=\u00a0\u00bboff\u00a0\u00bb custom_padding=\u00a0\u00bb16px|80px|16px|80px|true|true\u00a0\u00bb custom_padding_tablet=\u00a0\u00bb40px|40px|40px|40px|true|true\u00a0\u00bb custom_padding_phone=\u00a0\u00bb20px|20px|20px|20px|true|true\u00a0\u00bb box_shadow_style=\u00a0\u00bbpreset1&Prime; locked=\u00a0\u00bboff\u00a0\u00bb global_colors_info=\u00a0\u00bb{}\u00a0\u00bb][et_pb_column type=\u00a0\u00bb4_4&Prime; _builder_version=\u00a0\u00bb4.20.0&Prime; _module_preset=\u00a0\u00bbdefault\u00a0\u00bb global_colors_info=\u00a0\u00bb{}\u00a0\u00bb][et_pb_text _builder_version=\u00a0\u00bb4.27.4&Prime; _module_preset=\u00a0\u00bb8240f876-b4d7-42f3-ac3a-00d01c45cbf4&Prime; text_font=\u00a0\u00bb&#8211;et_global_heading_font||||||||\u00a0\u00bb text_text_color=\u00a0\u00bb#000000&Prime; text_font_size=\u00a0\u00bb28px\u00a0\u00bb header_font=\u00a0\u00bb&#8211;et_global_heading_font||||||||\u00a0\u00bb header_text_color=\u00a0\u00bb#FFFFFF\u00a0\u00bb header_3_text_color=\u00a0\u00bb#000000&Prime; text_orientation=\u00a0\u00bbcenter\u00a0\u00bb global_colors_info=\u00a0\u00bb{}\u00a0\u00bb]<\/p>\n<h3 data-start=\"5631\" data-end=\"5649\">Conditions G\u00e9n\u00e9rales de Vente (CGV)<\/h3>\n<p>[\/et_pb_text][et_pb_text _builder_version=\u00a0\u00bb4.27.4&Prime; _module_preset=\u00a0\u00bb8240f876-b4d7-42f3-ac3a-00d01c45cbf4&Prime; text_font=\u00a0\u00bb||||||||\u00a0\u00bb text_text_color=\u00a0\u00bb#000000&Prime; text_line_height=\u00a0\u00bb2.4em\u00a0\u00bb header_font=\u00a0\u00bb&#8211;et_global_heading_font||||||||\u00a0\u00bb header_text_color=\u00a0\u00bb#FFFFFF\u00a0\u00bb header_3_font=\u00a0\u00bb||||||||\u00a0\u00bb header_3_text_color=\u00a0\u00bb#712f21&Prime; hover_enabled=\u00a0\u00bb0&Prime; global_colors_info=\u00a0\u00bb{}\u00a0\u00bb sticky_enabled=\u00a0\u00bb0&Prime;]<\/p>\n<p data-start=\"5631\" data-end=\"5649\">Les pr\u00e9sentes conditions g\u00e9n\u00e9rales de vente (CGV) r\u00e9gissent les relations entre Sarah LAFON (le prestataire), praticienne en acupuncture traditionnelle chinoise, et ses clients.<\/p>\n<p>Sarah LAFON est repr\u00e9sent\u00e9e en auto entreprise de droit fran\u00e7ais identifi\u00e9e sous le<br \/>num\u00e9ro Siret 3441458200015 et dont le si\u00e8ge social est sis 28 Boulevard de Lagny,<br \/>77600 Bussy Saint Georges.<\/p>\n<p>Le Prestataire peut \u00eatre joint aux coordonn\u00e9es suivantes :<br \/>&#8211; 28 boulevard de Lagny, 77600 Bussy Saint Georges<br \/>&#8211; 06 50 16 22 40<\/p>\n<p><strong>2. Prestations :<\/strong><br \/>Les s\u00e9ances d\u2019\u00e9nerg\u00e9tique traditionnelle chinoise propos\u00e9es visent \u00e0 am\u00e9liorer le bien-\u00eatre g\u00e9n\u00e9ral et ne se substituent pas \u00e0 un traitement m\u00e9dical. Les diff\u00e9rentes techniques propos\u00e9es et pratiqu\u00e9es n\u2019ont aucune vis\u00e9e m\u00e9dicale.<\/p>\n<p>Les prestations sont r\u00e9alis\u00e9es sur rendez-vous.<br \/>Champ d\u2019application des services propos\u00e9s. Il appartient au Client de faire toutes v\u00e9rifications qui semblent n\u00e9cessaires ou opportunes avant de proc\u00e9der \u00e0 une quelconque r\u00e9servation de prestations aupr\u00e8s des plateformes de r\u00e9servations de Sarah LAFON.<\/p>\n<p>En cas de grossesse ou pathologie grave et quelle que soit la prestation souhait\u00e9e, il est recommand\u00e9 au Client de demander l\u2019avis pr\u00e9alable de son m\u00e9decin g\u00e9n\u00e9raliste ou<br \/>sp\u00e9cialiste. Il en est de m\u00eame pour les personnes fragiles, comme les personnes \u00e2g\u00e9es, les personnes ayant des probl\u00e8mes psychologiques, cardiologiques ou de tension, les personnes sujettes \u00e0 des allergies, sans que cette liste soit limitative.<\/p>\n<p>Les r\u00e8gles de d\u00e9ontologie, le secret professionnel et la confidentialit\u00e9 seront respect\u00e9s par le Prestataire. Le Prestataire pourra, s\u2019il le juge n\u00e9cessaire, interrompre \u00e0 tout moment une s\u00e9ance s\u2019il estime que la sant\u00e9 du Client l\u2019exige et\/ou suivant les contre indications qu\u2019il aura d\u00e9termin\u00e9es.<\/p>\n<p><strong>3. Tarifs :<\/strong><br \/>Les tarifs des s\u00e9ances sont affich\u00e9s dans le cabinet. Les prix sont exprim\u00e9s en euros et<br \/>sont nets de taxes (TVA non applicable, art. 293 B du CGI).<\/p>\n<p><strong>4. Paiement :<\/strong><br \/>Le paiement s\u2019effectue par esp\u00e8ces ou par ch\u00e8que.<br \/>Le paiement s\u2019effectue g\u00e9n\u00e9ralement en fin de s\u00e9ance pour les achats \u00e0 l\u2019unit\u00e9. En cas d\u2019achat d\u2019un pack, le paiement a lieu avant consommation du pack et est valable pour le<br \/>nombre de s\u00e9ance du pack dans la limite du temps d\u00e9finie (jusqu&rsquo;\u00e0 5 mois). Il peut \u00eatre demand\u00e9 de payer en avance une s\u00e9ance en particulier dans le cas o\u00f9 des s\u00e9ances pr\u00e9c\u00e9dentes n\u2019auraient pas \u00e9t\u00e9 honor\u00e9es ou annul\u00e9es dans les d\u00e9lais requis par les pr\u00e9sentes CGV.<\/p>\n<p>En cas d\u2019un paiement par ch\u00e8que, ce dernier doit \u00eatre \u00e9mis par une banque domicili\u00e9e en France m\u00e9tropolitaine. L\u2019encaissement est effectu\u00e9 dans les quinze jours.<br \/>En cas de r\u00e8glement anticip\u00e9 par le Client, aucun escompte ne sera pratiqu\u00e9. En aucun cas les paiements ne peuvent \u00eatre suspendus ni faire l\u2019objet d\u2019une quelconque compensation sans accord pr\u00e9alable et \u00e9crit entre le Prestataire et le Client. Toute<br \/>suspension, d\u00e9duction ou compensation op\u00e9r\u00e9e unilat\u00e9ralement par le Client sera trait\u00e9e comme un d\u00e9faut de paiement et entra\u00eenera toutes les cons\u00e9quences d\u2019un retard de<br \/>paiement.<\/p>\n<p>Il est express\u00e9ment convenu que le Client est valablement mis en demeure de payer par<br \/>la seule exigibilit\u00e9 de l\u2019obligation, conform\u00e9ment aux dispositions de l\u2019article 1344 du<br \/>Code civil. En cas de retard de paiement de l\u2019une quelconque des \u00e9ch\u00e9ances, le Prestataire se r\u00e9serve notamment le droit, sans qu\u2019aucune indemnit\u00e9 ne soit due au Client, de :<br \/>&#8211; Exiger le paiement imm\u00e9diat de l\u2019ensemble des sommes \u00e0 devoir au titre des<br \/>Services, celles-ci devenant imm\u00e9diatement exigibles quelle que soit leur \u00e9ch\u00e9ance initialement pr\u00e9vue ;<br \/>&#8211; Refuser tout nouveau rendez-vous ou exiger pour tout nouveau rendez-vous un<br \/>paiement comptant.<br \/>&#8211; Appliquer, sans mise en demeure pr\u00e9alable, \u00e0 toutes les sommes dues, d\u00e8s le<br \/>premier jour de retard et jusqu\u2019\u00e0 complet paiement, des p\u00e9nalit\u00e9s de retard<br \/>calcul\u00e9es au taux vis\u00e9 \u00e0 l\u2019article L.441-6 du Code de Commerce ;<\/p>\n<p><strong>5. Annulation et report de rendez-vous :<\/strong><br \/>En cas d\u2019emp\u00eachement, merci de pr\u00e9venir au moins 48 heures \u00e0 l\u2019avance.<\/p>\n<p>Tout rendez-vous non annul\u00e9 dans ce d\u00e9lai sera factur\u00e9.<br \/>R\u00e9ciproquement, en cas d\u2019annulation par le Prestataire d\u2019un rendez-vous, pour quelque motif que ce soit, l\u2019acompte \u00e9ventuellement vers\u00e9 \u00e0 la commande par le Client lui sera<br \/>restitu\u00e9.<\/p>\n<p><strong>6. Responsabilit\u00e9 :<\/strong><br \/>Je m\u2019engage \u00e0 fournir les meilleures prestations possibles. Toutefois, je ne peux \u00eatre tenue responsable des effets secondaires ou des r\u00e9sultats inattendus. Il est important de signaler tout probl\u00e8me de sant\u00e9 avant la s\u00e9ance.<\/p>\n<p>6.1 Responsabilit\u00e9 civile professionnelle<br \/>Le Prestataire a souscrit aupr\u00e8s d\u2019une compagnie notoire une assurance en responsabilit\u00e9 civile professionnelle et juridique.<\/p>\n<p>Il est pr\u00e9cis\u00e9 que la responsabilit\u00e9 du Prestataire ne saurait \u00eatre engag\u00e9e en cas de<br \/>dommages li\u00e9s \u00e0 la n\u00e9gligence d\u2019un client, en particulier s\u2019il n\u2019a pas r\u00e9v\u00e9l\u00e9 au Prestataire<br \/>l\u2019existence de contre-indications l\u2019affectant, que ce soit lors de l\u2019entretien de la premi\u00e8re s\u00e9ance ou des rendez-vous ult\u00e9rieurs en cas de modifications de son \u00e9tat de sant\u00e9 personnel. Le prestataire se d\u00e9charge de toute responsabilit\u00e9 si le Client vient au rendez-vous \u00e0 je\u00fbne. Le Prestataire \u00e9nonce lors de la prise de rendez-vous les<br \/>conditions indispensables pour le bon d\u00e9roulement d\u2019un soin \u00e9nerg\u00e9tique chinois r\u00e9alis\u00e9<br \/>par Sarah LAFON.<\/p>\n<p><strong>7. Confidentialit\u00e9 :<\/strong><br \/>Toutes les informations \u00e9chang\u00e9es durant les s\u00e9ances sont confidentielles.<br \/>Vos donn\u00e9es personnelles sont trait\u00e9es dans le respect des lois notamment la loi RGPD et de la politique de confidentialit\u00e9 des donn\u00e9es \u00e0 caract\u00e8re personnel.<\/p>\n<p><strong>8. Litiges :<\/strong><br \/>En cas de litige, une solution amiable sera recherch\u00e9e avant toute action judiciaire.<\/p>\n<p>Le Client est inform\u00e9 qu\u2019il est libre de recourir gratuitement \u00e0 un m\u00e9diateur de la consommation en vue de la r\u00e9solution amiable d\u2019un litige qui l\u2019opposerait au Prestataire,<br \/>conform\u00e9ment aux articles L.611-1 et suivants et R.612-1 et suivants du Code de la Consommation. Le(s) m\u00e9diateur(s) de la consommation dont rel\u00e8ve le Prestataire est le suivant : CNPM M\u00e9diation Consommation 3 rue J. Constant Milleret &#8211; 42000 Saint Etienne Tous les litiges auxquels les Conditions G\u00e9n\u00e9rales pourraient donner lieu, concernant tant leur validit\u00e9, interpr\u00e9tation, ex\u00e9cution, r\u00e9siliation, leurs cons\u00e9quences et leurs suites, seront soumis au tribunal de Melun (77).<\/p>\n<p><strong>9. Acceptation des CGV :<\/strong><br \/>La prise de rendez-vous implique l\u2019acceptation pleine et enti\u00e8re de ces conditions<br \/>g\u00e9n\u00e9rales de vente.<\/p>\n<p>[\/et_pb_text][\/et_pb_column][\/et_pb_row][\/et_pb_section]<\/p>\n","protected":false},"excerpt":{"rendered":"<p>Conditions G\u00e9n\u00e9rales de Vente (CGV)Les pr\u00e9sentes conditions g\u00e9n\u00e9rales de vente (CGV) r\u00e9gissent les relations entre Sarah LAFON (le prestataire), praticienne en acupuncture traditionnelle chinoise, et ses clients. Sarah LAFON est repr\u00e9sent\u00e9e en auto entreprise de droit fran\u00e7ais identifi\u00e9e sous lenum\u00e9ro Siret 3441458200015 et dont le si\u00e8ge social est sis 28 Boulevard de Lagny,77600 Bussy Saint [&hellip;]<\/p>\n","protected":false},"author":1,"featured_media":0,"parent":0,"menu_order":0,"comment_status":"closed","ping_status":"closed","template":"","meta":{"_et_pb_use_builder":"on","_et_pb_old_content":"","_et_gb_content_width":"","footnotes":""},"class_list":["post-507","page","type-page","status-publish","hentry"],"_links":{"self":[{"href":"https:\/\/sarahlafon.fr\/index.php\/wp-json\/wp\/v2\/pages\/507","targetHints":{"allow":["GET"]}}],"collection":[{"href":"https:\/\/sarahlafon.fr\/index.php\/wp-json\/wp\/v2\/pages"}],"about":[{"href":"https:\/\/sarahlafon.fr\/index.php\/wp-json\/wp\/v2\/types\/page"}],"author":[{"embeddable":true,"href":"https:\/\/sarahlafon.fr\/index.php\/wp-json\/wp\/v2\/users\/1"}],"replies":[{"embeddable":true,"href":"https:\/\/sarahlafon.fr\/index.php\/wp-json\/wp\/v2\/comments?post=507"}],"version-history":[{"count":5,"href":"https:\/\/sarahlafon.fr\/index.php\/wp-json\/wp\/v2\/pages\/507\/revisions"}],"predecessor-version":[{"id":603,"href":"https:\/\/sarahlafon.fr\/index.php\/wp-json\/wp\/v2\/pages\/507\/revisions\/603"}],"wp:attachment":[{"href":"https:\/\/sarahlafon.fr\/index.php\/wp-json\/wp\/v2\/media?parent=507"}],"curies":[{"name":"wp","href":"https:\/\/api.w.org\/{rel}","templated":true}]}}