{"id":529,"date":"2026-02-27T15:24:47","date_gmt":"2026-02-27T14:24:47","guid":{"rendered":"https:\/\/sarahlafon.fr\/?page_id=529"},"modified":"2026-03-20T14:08:56","modified_gmt":"2026-03-20T13:08:56","slug":"mediateur-de-la-consommation","status":"publish","type":"page","link":"https:\/\/sarahlafon.fr\/index.php\/mediateur-de-la-consommation\/","title":{"rendered":"M\u00e9diateur de la consommation"},"content":{"rendered":"<p>[et_pb_section fb_built=\u00a0\u00bb1&Prime; admin_label=\u00a0\u00bbFooter\u00a0\u00bb _builder_version=\u00a0\u00bb4.27.4&Prime; _module_preset=\u00a0\u00bbdefault\u00a0\u00bb background_color=\u00a0\u00bb#FFFFFF\u00a0\u00bb saved_tabs=\u00a0\u00bball\u00a0\u00bb locked=\u00a0\u00bboff\u00a0\u00bb collapsed=\u00a0\u00bbon\u00a0\u00bb global_colors_info=\u00a0\u00bb{}\u00a0\u00bb][et_pb_row custom_padding_last_edited=\u00a0\u00bbon|tablet\u00a0\u00bb _builder_version=\u00a0\u00bb4.27.4&Prime; _module_preset=\u00a0\u00bbdefault\u00a0\u00bb background_enable_color=\u00a0\u00bboff\u00a0\u00bb custom_padding=\u00a0\u00bb16px|80px|16px|80px|true|true\u00a0\u00bb custom_padding_tablet=\u00a0\u00bb40px|40px|40px|40px|true|true\u00a0\u00bb custom_padding_phone=\u00a0\u00bb20px|20px|20px|20px|true|true\u00a0\u00bb box_shadow_style=\u00a0\u00bbpreset1&Prime; locked=\u00a0\u00bboff\u00a0\u00bb global_colors_info=\u00a0\u00bb{}\u00a0\u00bb][et_pb_column type=\u00a0\u00bb4_4&Prime; _builder_version=\u00a0\u00bb4.20.0&Prime; _module_preset=\u00a0\u00bbdefault\u00a0\u00bb global_colors_info=\u00a0\u00bb{}\u00a0\u00bb][et_pb_text _builder_version=\u00a0\u00bb4.27.4&Prime; _module_preset=\u00a0\u00bb8240f876-b4d7-42f3-ac3a-00d01c45cbf4&Prime; text_font=\u00a0\u00bb&#8211;et_global_heading_font||||||||\u00a0\u00bb text_text_color=\u00a0\u00bb#000000&Prime; text_font_size=\u00a0\u00bb28px\u00a0\u00bb header_font=\u00a0\u00bb&#8211;et_global_heading_font||||||||\u00a0\u00bb header_text_color=\u00a0\u00bb#FFFFFF\u00a0\u00bb header_3_text_color=\u00a0\u00bb#000000&Prime; text_orientation=\u00a0\u00bbcenter\u00a0\u00bb global_colors_info=\u00a0\u00bb{}\u00a0\u00bb]<\/p>\n<h3 data-start=\"5631\" data-end=\"5649\">M\u00e9diateur de la consommation<\/h3>\n<p>[\/et_pb_text][et_pb_text _builder_version=\u00a0\u00bb4.27.4&Prime; _module_preset=\u00a0\u00bb8240f876-b4d7-42f3-ac3a-00d01c45cbf4&Prime; text_font=\u00a0\u00bb||||||||\u00a0\u00bb text_text_color=\u00a0\u00bb#000000&Prime; header_font=\u00a0\u00bb&#8211;et_global_heading_font||||||||\u00a0\u00bb header_text_color=\u00a0\u00bb#FFFFFF\u00a0\u00bb header_3_font=\u00a0\u00bb|&#8211;et_global_heading_font_weight|||||||\u00a0\u00bb header_3_text_color=\u00a0\u00bb#712f21&Prime; hover_enabled=\u00a0\u00bb0&Prime; global_colors_info=\u00a0\u00bb{}\u00a0\u00bb sticky_enabled=\u00a0\u00bb0&Prime;]<\/p>\n<p data-start=\"5631\" data-end=\"5649\">Conform\u00e9ment aux articles L.616-1 et R.616-1<br \/>du code de la consommation, j\u2019ai mis en place un dispositif de<br \/>m\u00e9diation de la consommation. L\u2019entit\u00e9 de m\u00e9diation retenue<br \/>est :<\/p>\n<p>MEDIATION CONSOMMATION D\u00c9VELOPPEMENT\/MED<br \/>CONSO DEV<\/p>\n<p>En cas de litige, vous pouvez d\u00e9poser votre r\u00e9clamation sur son<br \/>site : https:\/\/www.medconsodev.eu<\/p>\n<p>ou par voie postale en \u00e9crivant \u00e0:<\/p>\n<p>M\u00c9DIATION CONSOMMATION D\u00c9VELOPPEMENT\/MED<br \/>CONSO DEV<br \/>Centre d\u2019Affaires St\u00e9phanois SAS<br \/>IMMEUBLE L\u2019HORIZON \u2013 ESPLANADE DE FRANCE<br \/>3, RUE J. CONSTANT MILLERET \u2013 42000 SAINT-\u00c9TIENNE<\/p>\n<p>Assurance<br \/>Responsabilit\u00e9 civile professionnelle souscrite aupr\u00e8s du Loyd\u2019s<br \/>Insurance Company SA sous le N\u00b0 de contrat AMARK 9030.<\/p>\n<p>[\/et_pb_text][\/et_pb_column][\/et_pb_row][\/et_pb_section]<\/p>\n","protected":false},"excerpt":{"rendered":"<p>M\u00e9diateur de la consommationConform\u00e9ment aux articles L.616-1 et R.616-1du code de la consommation, j\u2019ai mis en place un dispositif dem\u00e9diation de la consommation. L\u2019entit\u00e9 de m\u00e9diation retenueest : MEDIATION CONSOMMATION D\u00c9VELOPPEMENT\/MEDCONSO DEV En cas de litige, vous pouvez d\u00e9poser votre r\u00e9clamation sur sonsite : https:\/\/www.medconsodev.eu ou par voie postale en \u00e9crivant \u00e0: M\u00c9DIATION CONSOMMATION D\u00c9VELOPPEMENT\/MEDCONSO [&hellip;]<\/p>\n","protected":false},"author":1,"featured_media":0,"parent":0,"menu_order":0,"comment_status":"closed","ping_status":"closed","template":"","meta":{"_et_pb_use_builder":"on","_et_pb_old_content":"","_et_gb_content_width":"","footnotes":""},"class_list":["post-529","page","type-page","status-publish","hentry"],"_links":{"self":[{"href":"https:\/\/sarahlafon.fr\/index.php\/wp-json\/wp\/v2\/pages\/529","targetHints":{"allow":["GET"]}}],"collection":[{"href":"https:\/\/sarahlafon.fr\/index.php\/wp-json\/wp\/v2\/pages"}],"about":[{"href":"https:\/\/sarahlafon.fr\/index.php\/wp-json\/wp\/v2\/types\/page"}],"author":[{"embeddable":true,"href":"https:\/\/sarahlafon.fr\/index.php\/wp-json\/wp\/v2\/users\/1"}],"replies":[{"embeddable":true,"href":"https:\/\/sarahlafon.fr\/index.php\/wp-json\/wp\/v2\/comments?post=529"}],"version-history":[{"count":4,"href":"https:\/\/sarahlafon.fr\/index.php\/wp-json\/wp\/v2\/pages\/529\/revisions"}],"predecessor-version":[{"id":604,"href":"https:\/\/sarahlafon.fr\/index.php\/wp-json\/wp\/v2\/pages\/529\/revisions\/604"}],"wp:attachment":[{"href":"https:\/\/sarahlafon.fr\/index.php\/wp-json\/wp\/v2\/media?parent=529"}],"curies":[{"name":"wp","href":"https:\/\/api.w.org\/{rel}","templated":true}]}}